{"id":1280,"date":"2023-05-15T10:40:42","date_gmt":"2023-05-15T08:40:42","guid":{"rendered":"https:\/\/www.activedogtrainer.com\/versand-lieferung\/"},"modified":"2023-05-17T18:14:00","modified_gmt":"2023-05-17T16:14:00","slug":"versand-lieferung","status":"publish","type":"page","link":"https:\/\/www.activedogtrainer.com\/de\/versand-lieferung\/","title":{"rendered":"Versand &amp; Lieferung"},"content":{"rendered":"\n<p>Preise, Versandkosten und Lieferinformationen<\/p>\n\n<p>Die auf den Produktseiten genannten Preise enthalten die gesetzliche Mehrwertsteuer und sonstige Preisbestandteile.<br\/>Die Lieferung erfolgt sowohl im Inland (Deutschland) als auch im Ausland (weltweit)<\/p>\n\n<p>Versandkosten (einschlie\u00dflich gesetzlicher Mehrwertsteuer)<\/p>\n\n<p>Lieferungen innerhalb des Landes (Deutschland):<br\/>Zus\u00e4tzlich zu den angegebenen Preisen berechnen wir f\u00fcr die Lieferung innerhalb Deutschlands eine Pauschale von 6,95 Euro pro Bestellung. Die Versandkosten werden Ihnen im Warenkorbsystem und auf der Bestellseite nochmals deutlich mitgeteilt.<br\/>Die Pauschale f\u00fcr den Versand betr\u00e4gt 6,95 Euro. In der Versandkostenpauschale ist die gesetzliche Mehrwertsteuer enthalten.<\/p>\n\n<p>Lieferungen ins Ausland:<br\/>F\u00fcr den Versand ins Ausland berechnen wir die Versandkosten je nach Gewicht (inklusive Versandverpackung) wie folgt:<\/p>\n\n<p>Zone 1: Innerhalb der EU (bis zu 2kg 12\u20ac, ab 2kg 17,50\u20ac):<br\/>Belgien, Bulgarien, D\u00e4nemark (au\u00dfer F\u00e4r\u00f6er, Gr\u00f6nland), Estland, Finnland (au\u00dfer \u00c5landinseln), Frankreich (au\u00dfer \u00fcberseeische Gebiete und Departements), Griechenland (au\u00dfer Berg Athos), Irland, Italien (au\u00dfer Livigno und Campione d&#8217;Italia), Kroatien, Lettland, Litauen, Luxemburg, Malta, Monaco, Niederlande (au\u00dfer au\u00dfereurop\u00e4ische Gebiete), \u00d6sterreich, Polen, Portugal, Rum\u00e4nien, Slowakei, Slowenien, Spanien (au\u00dfer Kanarische Inseln, Ceuta und Melilla), Schweden, Tschechische Republik, Ungarn,<\/p>\n\n<p>Zone 2 &#8211; Schweiz &amp; Gro\u00dfbritannien (bis 2kg 15,50\u20ac, ab 2kg 30\u20ac):<br\/>Schweiz, Gro\u00dfbritannien (au\u00dfer Kanalinseln)<\/p>\n\n<p>Zone 3 &#8211; \u00dcbriges Europa (bis 2kg 20\u20ac, ab 2kg 33\u20ac):<br\/>\u00c5landinseln (Finnland), Andorra, Albanien, Wei\u00dfrussland, Berg Athos (Griechenland), Bosnien-Herzegowina, Campione d&#8217;Italia (Italien), Ceuta (Spanien), F\u00e4r\u00f6er-Inseln (D\u00e4nemark), Georgien, Gibraltar (Vereinigtes K\u00f6nigreich), Gr\u00f6nland (D\u00e4nemark), Island, Kanalinseln (Gro\u00dfbritannien), Kanarische Inseln (Spanien), Kosovo, Liechtenstein, Livigno (Italien), Melilla (Spanien), Moldau, Montenegro, Nordmazedonien, Norwegen, San Marino, Serbien, T\u00fcrkei, Ukraine, Vatikanstadt, Zypern<\/p>\n\n<p>Zone 4 &#8211; Russische F\u00f6deration (bis zu 2 kg 20 \u20ac, ab 2 kg 34 \u20ac):<br\/>Russische F\u00f6deration<\/p>\n\n<p>Zone 5: USA (bis 2kg 20\u20ac, ab 2kg 53\u20ac):<br\/>Vereinigte Staaten von Amerika<\/p>\n\n<p>Zone 6: Nordafrikanische Gebiete, Kanada, Naher Osten, Teile Asiens, bis zu 2kg 20\u20ac, ab 2kg 42\u20ac):<br\/>Algerien, Armenien, Aserbaidschan, Kanada, \u00c4gypten, Israel, Jordanien, Jungferninseln (USA), Kasachstan, Libanon, Libyen, Marokko, Pal\u00e4stinensische Gebiete, St. Pierre und Miquelon (Frankreich), Syrien, Tunesien<\/p>\n\n<p>Zone 7: China (Bis zu 2kg 20\u20ac, ab 2kg 47,50\u20ac):<br\/>China<\/p>\n\n<p>Zone 8: Rest der Welt (bis zu 2kg 20\u20ac, ab 2kg 50\u20ac):<br\/>Alle L\u00e4nder und Gebiete, die nicht den Zonen 1 bis 7 zugeordnet sind.<\/p>\n\n<p>Lieferzeiten<br\/>Sofern im jeweiligen Angebot keine andere Frist angegeben ist, erfolgt die Auslieferung der Ware, sobald sie aus der Textildruckerei kommt und versandfertig ist. Nach \u00dcbergabe der Ware an den Versanddienstleister dauert die Lieferung im Inland (Deutschland) durchschnittlich 3 &#8211; 5 Werktage, bei Lieferungen ins Ausland kann die Lieferung je nach Zielland zwischen 5 &#8211; 20 Werktagen dauern. Bitte beachten Sie, dass an Sonn- und Feiertagen keine Zustellung erfolgt.<br\/>Wenn Sie Artikel mit unterschiedlichen Lieferzeiten bestellt haben, versenden wir die Waren in einer Sendung, es sei denn, wir haben andere Vereinbarungen mit Ihnen getroffen. In diesem Fall richtet sich die Lieferzeit nach dem Artikel mit der l\u00e4ngsten Lieferzeit, den Sie bestellt haben.<\/p>\n","protected":false},"excerpt":{"rendered":"<p>Preise, Versandkosten und Lieferinformationen Die auf den Produktseiten genannten Preise enthalten die gesetzliche Mehrwertsteuer und sonstige Preisbestandteile.Die Lieferung erfolgt sowohl im Inland (Deutschland) als auch im Ausland (weltweit) Versandkosten (einschlie\u00dflich gesetzlicher Mehrwertsteuer) Lieferungen innerhalb des Landes (Deutschland):Zus\u00e4tzlich zu den angegebenen Preisen berechnen wir f\u00fcr die Lieferung innerhalb Deutschlands eine Pauschale von 6,95 Euro pro Bestellung. [&hellip;]<\/p>\n","protected":false},"author":2,"featured_media":0,"parent":0,"menu_order":0,"comment_status":"closed","ping_status":"closed","template":"","meta":{"footnotes":""},"class_list":["post-1280","page","type-page","status-publish","hentry"],"blocksy_meta":[],"_links":{"self":[{"href":"https:\/\/www.activedogtrainer.com\/de\/wp-json\/wp\/v2\/pages\/1280","targetHints":{"allow":["GET"]}}],"collection":[{"href":"https:\/\/www.activedogtrainer.com\/de\/wp-json\/wp\/v2\/pages"}],"about":[{"href":"https:\/\/www.activedogtrainer.com\/de\/wp-json\/wp\/v2\/types\/page"}],"author":[{"embeddable":true,"href":"https:\/\/www.activedogtrainer.com\/de\/wp-json\/wp\/v2\/users\/2"}],"replies":[{"embeddable":true,"href":"https:\/\/www.activedogtrainer.com\/de\/wp-json\/wp\/v2\/comments?post=1280"}],"version-history":[{"count":0,"href":"https:\/\/www.activedogtrainer.com\/de\/wp-json\/wp\/v2\/pages\/1280\/revisions"}],"wp:attachment":[{"href":"https:\/\/www.activedogtrainer.com\/de\/wp-json\/wp\/v2\/media?parent=1280"}],"curies":[{"name":"wp","href":"https:\/\/api.w.org\/{rel}","templated":true}]}}