{"id":1276,"date":"2023-05-15T10:40:43","date_gmt":"2023-05-15T08:40:43","guid":{"rendered":"https:\/\/www.activedogtrainer.com\/zahlungsarten\/"},"modified":"2023-05-19T13:02:25","modified_gmt":"2023-05-19T11:02:25","slug":"zahlungsarten","status":"publish","type":"page","link":"https:\/\/www.activedogtrainer.com\/de\/zahlungsarten\/","title":{"rendered":"Zahlungsarten"},"content":{"rendered":"\n<p><strong>Zahlungsm\u00f6glichkeiten<\/strong><br\/>Wir bieten die folgenden Zahlungsm\u00f6glichkeiten an. W\u00e4hlen Sie einfach die Zahlungsmethode, die f\u00fcr Sie am besten geeignet ist. Die Versandkosten sind teilweise abh\u00e4ngig von der gew\u00e4hlten Zahlungsart. Die in den jeweiligen Angeboten genannten Preise sind Endpreise. Sie enthalten alle Preisbestandteile einschlie\u00dflich aller anfallenden Steuern wie der Mehrwertsteuer. Lediglich bei grenz\u00fcberschreitenden Lieferungen k\u00f6nnen im Einzelfall weitere Steuern (z.B. im Falle eines innergemeinschaftlichen Erwerbs) und\/oder Abgaben (z.B. Z\u00f6lle) von Ihnen zu zahlen sein, allerdings nicht an den Verk\u00e4ufer, sondern an die dort zust\u00e4ndigen Zoll- oder Steuerbeh\u00f6rden. Die Liefer- und Versandkosten sind nicht im Kaufpreis enthalten, sie sind auf der Seite &#8222;Versandkosten&#8220; abrufbar, werden w\u00e4hrend des Bestellvorgangs gesondert ausgewiesen und sind von Ihnen zus\u00e4tzlich zu entrichten.<\/p>\n\n<p><strong>Kreditkarte<\/strong><br\/>Bezahlen Sie einfach per Kreditkarte \u00fcber Stripe.<\/p>\n\n<p><strong>PayPal<\/strong><br\/>Bezahlen Sie noch schneller und sicherer mit Ihrem PayPal-Konto.<\/p>\n\n<p>Bankverbindung: Willhelm Technologies GmbH<br\/>Bank: Saalesparkasse<br\/>SWIFT: NOLADE21HAL<br\/>IBAN: DE15800537621894073181<\/p>\n","protected":false},"excerpt":{"rendered":"<p>Zahlungsm\u00f6glichkeitenWir bieten die folgenden Zahlungsm\u00f6glichkeiten an. W\u00e4hlen Sie einfach die Zahlungsmethode, die f\u00fcr Sie am besten geeignet ist. Die Versandkosten sind teilweise abh\u00e4ngig von der gew\u00e4hlten Zahlungsart. Die in den jeweiligen Angeboten genannten Preise sind Endpreise. Sie enthalten alle Preisbestandteile einschlie\u00dflich aller anfallenden Steuern wie der Mehrwertsteuer. Lediglich bei grenz\u00fcberschreitenden Lieferungen k\u00f6nnen im Einzelfall weitere [&hellip;]<\/p>\n","protected":false},"author":2,"featured_media":0,"parent":0,"menu_order":0,"comment_status":"closed","ping_status":"closed","template":"","meta":{"footnotes":""},"class_list":["post-1276","page","type-page","status-publish","hentry"],"blocksy_meta":[],"_links":{"self":[{"href":"https:\/\/www.activedogtrainer.com\/de\/wp-json\/wp\/v2\/pages\/1276","targetHints":{"allow":["GET"]}}],"collection":[{"href":"https:\/\/www.activedogtrainer.com\/de\/wp-json\/wp\/v2\/pages"}],"about":[{"href":"https:\/\/www.activedogtrainer.com\/de\/wp-json\/wp\/v2\/types\/page"}],"author":[{"embeddable":true,"href":"https:\/\/www.activedogtrainer.com\/de\/wp-json\/wp\/v2\/users\/2"}],"replies":[{"embeddable":true,"href":"https:\/\/www.activedogtrainer.com\/de\/wp-json\/wp\/v2\/comments?post=1276"}],"version-history":[{"count":0,"href":"https:\/\/www.activedogtrainer.com\/de\/wp-json\/wp\/v2\/pages\/1276\/revisions"}],"wp:attachment":[{"href":"https:\/\/www.activedogtrainer.com\/de\/wp-json\/wp\/v2\/media?parent=1276"}],"curies":[{"name":"wp","href":"https:\/\/api.w.org\/{rel}","templated":true}]}}